{"id":1066,"date":"2021-09-20T10:26:37","date_gmt":"2021-09-20T08:26:37","guid":{"rendered":"https:\/\/granjamariapitas.es\/?page_id=1066"},"modified":"2021-11-08T21:42:23","modified_gmt":"2021-11-08T19:42:23","slug":"polititica-de-cookies","status":"publish","type":"page","link":"https:\/\/granjamariapitas.es\/index.php\/polititica-de-cookies\/","title":{"rendered":"Pol\u00edtitica de cookies"},"content":{"rendered":"<div id=\"outerContainer\">\n<div id=\"sidebarContainer\">\n<div id=\"toolbarSidebar\">\n<div id=\"toolbarSidebarLeft\">\n<div class=\"splitToolbarButton toggled\"><strong><span dir=\"ltr\" role=\"presentation\">Pol\u00edtica de cookies <\/span><\/strong><br role=\"presentation\" \/><br role=\"presentation\" \/>GRANJA MARIA PITAS S.L. CON CIF B42831602 informa acerca del uso de las cookies en su p\u00e1gina web: www.GRANJAMARIAPITAS.es <br role=\"presentation\" \/><br role=\"presentation\" \/><span dir=\"ltr\" role=\"presentation\">\u00bfQu\u00e9 son las cookies? <\/span><br role=\"presentation\" \/><span dir=\"ltr\" role=\"presentation\">Las cookies son archivos que se pueden descargar en su equipo a trav\u00e9s de las p\u00e1ginas web. Son herramientas que tienen un papel <\/span><br role=\"presentation\" \/><span dir=\"ltr\" role=\"presentation\">esencial para la prestaci\u00f3n de numerosos servicios de la sociedad de la informaci\u00f3n. Entre otros, permiten a una p\u00e1gina web <\/span><br role=\"presentation\" \/><span dir=\"ltr\" role=\"presentation\">almacenar y recuperar informaci\u00f3n sobre los h\u00e1bitos de navegaci\u00f3n de un usuario o de su equipo y, dependiendo de la informaci\u00f3n <\/span><br role=\"presentation\" \/><span dir=\"ltr\" role=\"presentation\">obtenida, se pueden utilizar para reconocer al usuario y mejorar el servicio ofrecido. <\/span><br role=\"presentation\" \/><br role=\"presentation\" \/><span dir=\"ltr\" role=\"presentation\">Tipos de cookies <\/span><br role=\"presentation\" \/><span dir=\"ltr\" role=\"presentation\">Seg\u00fan quien sea la entidad que gestione el dominio desde donde se env\u00edan las cookies y trate los datos que se obtengan se pueden <\/span><br role=\"presentation\" \/><span dir=\"ltr\" role=\"presentation\">distinguir dos tipos: <\/span><br role=\"presentation\" \/><br role=\"presentation\" \/><span dir=\"ltr\" role=\"presentation\">\u2022 <\/span> <span dir=\"ltr\" role=\"presentation\">Cookies propias: aqu\u00e9llas que se env\u00edan al equipo terminal del usuario desde un equipo o dominio gestionado <\/span><br role=\"presentation\" \/><span dir=\"ltr\" role=\"presentation\">por el propio editor y desde el que se presta el servicio solicitado por el usuario. <\/span><br role=\"presentation\" \/><span dir=\"ltr\" role=\"presentation\">\u2022 <\/span> <span dir=\"ltr\" role=\"presentation\">Cookies de terceros: aqu\u00e9llas que se env\u00edan al equipo terminal del usuario desde un equipo o dominio que no es <\/span><br role=\"presentation\" \/><span dir=\"ltr\" role=\"presentation\">gestionado por el editor, sino por otra entidad que trata los datos obtenidos trav\u00e9s de las cookies. <\/span><br role=\"presentation\" \/><br role=\"presentation\" \/><span dir=\"ltr\" role=\"presentation\">En el caso de que las cookies sean instaladas desde un equipo o dominio gestionado por el propio editor pero la informaci\u00f3n que se <\/span><br role=\"presentation\" \/><span dir=\"ltr\" role=\"presentation\">recoja mediante \u00e9stas sea gestionada por un tercero, no pueden ser consideradas como cookies propias. <\/span><br role=\"presentation\" \/><br role=\"presentation\" \/><span dir=\"ltr\" role=\"presentation\">Existe tambi\u00e9n una segunda clasificaci\u00f3n seg\u00fan el plazo de tiempo que permanecen almacenadas en el navegador del cliente, <\/span><br role=\"presentation\" \/><span dir=\"ltr\" role=\"presentation\">pudiendo tratarse de: <\/span><br role=\"presentation\" \/><br role=\"presentation\" \/><span dir=\"ltr\" role=\"presentation\">\u2022 <\/span> <span dir=\"ltr\" role=\"presentation\">Cookies de sesi\u00f3n: dise\u00f1adas para recabar y almacenar datos mientras el usuario accede a una p\u00e1gina web. Se <\/span><br role=\"presentation\" \/><span dir=\"ltr\" role=\"presentation\">suelen emplear para almacenar informaci\u00f3n que solo interesa conservar para la prestaci\u00f3n del servicio <\/span><br role=\"presentation\" \/><span dir=\"ltr\" role=\"presentation\">solicitado por el usuario en una sola ocasi\u00f3n (p.e. una lista de productos adquiridos). <\/span><br role=\"presentation\" \/><span dir=\"ltr\" role=\"presentation\">\u2022 <\/span> <span dir=\"ltr\" role=\"presentation\">Cookies persistentes: los datos siguen almacenados en el terminal y pueden ser accedidos y tratados durante un <\/span><br role=\"presentation\" \/><span dir=\"ltr\" role=\"presentation\">periodo definido por el responsable de la cookie, y que puede ir de unos minutos a varios a\u00f1os. <\/span><br role=\"presentation\" \/><br role=\"presentation\" \/><span dir=\"ltr\" role=\"presentation\">Por \u00faltimo, existe otra clasificaci\u00f3n con cinco tipos de cookies seg\u00fan la finalidad para la que se traten los datos obtenidos: <\/span><br role=\"presentation\" \/><br role=\"presentation\" \/><span dir=\"ltr\" role=\"presentation\">\u2022 <\/span> <span dir=\"ltr\" role=\"presentation\">Cookies t\u00e9cnicas: aquellas que permiten al usuario la navegaci\u00f3n a trav\u00e9s de una p\u00e1gina web, plataforma o <\/span><br role=\"presentation\" \/><span dir=\"ltr\" role=\"presentation\">aplicaci\u00f3n y la utilizaci\u00f3n de las diferentes opciones o servicios que en ella existan como, por ejemplo, controlar <\/span><br role=\"presentation\" \/><span dir=\"ltr\" role=\"presentation\">el tr\u00e1fico y la comunicaci\u00f3n de datos, identificar la sesi\u00f3n, acceder a partes de acceso restringido, recordar los <\/span><br role=\"presentation\" \/><span dir=\"ltr\" role=\"presentation\">elementos que integran un pedido, realizar el proceso de compra de un pedido, realizar la solicitud de <\/span><br role=\"presentation\" \/><span dir=\"ltr\" role=\"presentation\">inscripci\u00f3n o participaci\u00f3n en un evento, utilizar elementos de seguridad durante la navegaci\u00f3n, almacenar <\/span><br role=\"presentation\" \/><span dir=\"ltr\" role=\"presentation\">contenidos para la difusi\u00f3n de v\u00eddeos o sonido o compartir contenidos a trav\u00e9s de redes sociales.<\/span> <br role=\"presentation\" \/><span dir=\"ltr\" role=\"presentation\">\u2022 <\/span> <span dir=\"ltr\" role=\"presentation\">Cookies de personalizaci\u00f3n: permiten al usuario acceder al servicio con algunas caracter\u00edsticas de car\u00e1cter <\/span><br role=\"presentation\" \/><span dir=\"ltr\" role=\"presentation\">general predefinidas en funci\u00f3n de una serie de criterios en el terminal del usuario como por ejemplo serian el <\/span><br role=\"presentation\" \/><span dir=\"ltr\" role=\"presentation\">idioma, el tipo de navegador a trav\u00e9s del cual accede al servicio, la configuraci\u00f3n regional desde donde accede al <\/span><\/div>\n<\/div>\n<\/div>\n<\/div>\n<\/div>\n<div class=\"canvasWrapper\"><\/div>\n<p><span dir=\"ltr\" role=\"presentation\">servicio, etc. <\/span><br role=\"presentation\" \/><span dir=\"ltr\" role=\"presentation\">\u2022 <\/span> <span dir=\"ltr\" role=\"presentation\">Cookies de an\u00e1lisis: permiten al responsable de las mismas, el seguimiento y an\u00e1lisis del comportamiento de los <\/span><br role=\"presentation\" \/><span dir=\"ltr\" role=\"presentation\">usuarios de los sitios web a los que est\u00e1n vinculadas. La informaci\u00f3n recogida mediante este tipo de cookies se <\/span><br role=\"presentation\" \/><span dir=\"ltr\" role=\"presentation\">utiliza en la medici\u00f3n de la actividad de los sitios web, aplicaci\u00f3n o plataforma y para la elaboraci\u00f3n de perfiles <\/span><br role=\"presentation\" \/><span dir=\"ltr\" role=\"presentation\">de navegaci\u00f3n de los usuarios de dichos sitios, aplicaciones y plataformas, con el fin de introducir mejoras en <\/span><br role=\"presentation\" \/><span dir=\"ltr\" role=\"presentation\">funci\u00f3n del an\u00e1lisis de los datos de uso que hacen los usuarios del servicio. <\/span><br role=\"presentation\" \/><span dir=\"ltr\" role=\"presentation\">\u2022 <\/span> <span dir=\"ltr\" role=\"presentation\">Cookies publicitarias: permiten la gesti\u00f3n, de la forma m\u00e1s eficaz posible, de los espacios publicitarios. <\/span><br role=\"presentation\" \/><span dir=\"ltr\" role=\"presentation\">\u2022 <\/span> <span dir=\"ltr\" role=\"presentation\">Cookies de publicidad comportamental: almacenan informaci\u00f3n del comportamiento de los usuarios obtenida a <\/span><br role=\"presentation\" \/><span dir=\"ltr\" role=\"presentation\">trav\u00e9s de la observaci\u00f3n continuada de sus h\u00e1bitos de navegaci\u00f3n, lo que permite desarrollar un perfil espec\u00edfico <\/span><br role=\"presentation\" \/><span dir=\"ltr\" role=\"presentation\">para mostrar publicidad en funci\u00f3n del mismo. <\/span><br role=\"presentation\" \/><span dir=\"ltr\" role=\"presentation\">\u2022 <\/span> <span dir=\"ltr\" role=\"presentation\">Cookies de redes sociales externas: se utilizan para que los visitantes puedan interactuar con el contenido de <\/span><br role=\"presentation\" \/><span dir=\"ltr\" role=\"presentation\">diferentes plataformas sociales (facebook, youtube, twitter, linkedIn, etc.) y que se generen \u00fanicamente para <\/span><br role=\"presentation\" \/><span dir=\"ltr\" role=\"presentation\">los usuarios de dichas redes sociales. Las condiciones de utilizaci\u00f3n de estas cookies y la informaci\u00f3n recopilada <\/span><br role=\"presentation\" \/><span dir=\"ltr\" role=\"presentation\">se regula por la pol\u00edtica de privacidad de la plataforma social correspondiente. <\/span><br role=\"presentation\" \/><br role=\"presentation\" \/><span dir=\"ltr\" role=\"presentation\">Desactivaci\u00f3n y eliminaci\u00f3n de cookies <\/span><br role=\"presentation\" \/><span dir=\"ltr\" role=\"presentation\">Tienes la opci\u00f3n de permitir, bloquear o eliminar las cookies instaladas en tu equipo mediante la configuraci\u00f3n de las opciones del <\/span><br role=\"presentation\" \/><span dir=\"ltr\" role=\"presentation\">navegador instalado en su equipo. Al desactivar cookies, algunos de los servicios disponibles podr\u00edan dejar de estar operativos. La <\/span><br role=\"presentation\" \/><span dir=\"ltr\" role=\"presentation\">forma de deshabilitar las cookies es diferente para cada navegador, pero normalmente puede hacerse desde el men\u00fa Herramientas <\/span><br role=\"presentation\" \/><span dir=\"ltr\" role=\"presentation\">u Opciones. Tambi\u00e9n puede consultarse el men\u00fa de Ayuda del navegador d\u00f3nde puedes encontrar instrucciones. El usuario podr\u00e1 <\/span><br role=\"presentation\" \/><span dir=\"ltr\" role=\"presentation\">en cualquier momento elegir qu\u00e9 cookies quiere que funcionen en este sitio web. <\/span><br role=\"presentation\" \/><br role=\"presentation\" \/><span dir=\"ltr\" role=\"presentation\">Puede usted permitir, bloquear o eliminar las cookies instaladas en su equipo mediante la configuraci\u00f3n de las opciones del <\/span><br role=\"presentation\" \/><span dir=\"ltr\" role=\"presentation\">navegador instalado en su ordenador: <\/span><br role=\"presentation\" \/><br role=\"presentation\" \/><span dir=\"ltr\" role=\"presentation\">\u2022 <\/span> <span dir=\"ltr\" role=\"presentation\">Microsoft Internet Explorer o Microsoft Edge: <\/span><br role=\"presentation\" \/><span dir=\"ltr\" role=\"presentation\">http:\/\/windows.microsoft.com\/es-es\/windows-vista\/Block-or-allow-cookies <\/span><br role=\"presentation\" \/><span dir=\"ltr\" role=\"presentation\">\u2022 <\/span> <span dir=\"ltr\" role=\"presentation\">Mozilla Firefox: http:\/\/support.mozilla.org\/es\/kb\/impedir-que-los-sitios-web-guarden-sus-preferencia <\/span><br role=\"presentation\" \/><span dir=\"ltr\" role=\"presentation\">\u2022 <\/span> <span dir=\"ltr\" role=\"presentation\">Chrome: https:\/\/support.google.com\/accounts\/answer\/61416?hl=es <\/span><br role=\"presentation\" \/><span dir=\"ltr\" role=\"presentation\">\u2022 <\/span> <span dir=\"ltr\" role=\"presentation\">Safari: http:\/\/safari.helpmax.net\/es\/privacidad-y-seguridad\/como-gestionar-las-cookies\/ <\/span><br role=\"presentation\" \/><span dir=\"ltr\" role=\"presentation\">\u2022 <\/span> <span dir=\"ltr\" role=\"presentation\">Opera: http:\/\/help.opera.com\/Linux\/10.60\/es-ES\/cookies.html <\/span><br role=\"presentation\" \/><br role=\"presentation\" \/><span dir=\"ltr\" role=\"presentation\">Adem\u00e1s, tambi\u00e9n puede gestionar el almac\u00e9n de cookies en su navegador a trav\u00e9s de herramientas como las siguientes <\/span><\/p>\n<p><span dir=\"ltr\" role=\"presentation\">\u2022 <\/span> <span dir=\"ltr\" role=\"presentation\">Ghostery: www.ghostery.com\/ <\/span><br role=\"presentation\" \/><span dir=\"ltr\" role=\"presentation\">\u2022 <\/span> <span dir=\"ltr\" role=\"presentation\">Your online choices: www.youronlinechoices.com\/es\/ <\/span><br role=\"presentation\" \/><br role=\"presentation\" \/><span dir=\"ltr\" role=\"presentation\">Cookies utilizadas en <\/span><span dir=\"ltr\" role=\"presentation\">www.granjamariapitas.es<\/span> <br role=\"presentation\" \/><span dir=\"ltr\" role=\"presentation\">A continuaci\u00f3n se identifican las cookies que est\u00e1n siendo utilizadas en este portal as\u00ed como su tipolog\u00eda y funci\u00f3n: <\/span><br role=\"presentation\" \/><span dir=\"ltr\" role=\"presentation\">Aceptaci\u00f3n de la Pol\u00edtica de cookies <\/span><br role=\"presentation\" \/><span dir=\"ltr\" role=\"presentation\">www.granjamariapitas.es <\/span><span dir=\"ltr\" role=\"presentation\">asume que usted acepta el uso de cookies. No obstante, muestra informaci\u00f3n sobre su Pol\u00edtica de cookies en la parte <\/span><br role=\"presentation\" \/><span dir=\"ltr\" role=\"presentation\">inferior o superior de cualquier p\u00e1gina del portal con cada inicio de sesi\u00f3n con el objeto de que usted sea consciente. <\/span><br role=\"presentation\" \/><br role=\"presentation\" \/><span dir=\"ltr\" role=\"presentation\">Ante esta informaci\u00f3n es posible llevar a cabo las siguientes acciones: <\/span><br role=\"presentation\" \/><br role=\"presentation\" \/><span dir=\"ltr\" role=\"presentation\">\u2022 <\/span> <span dir=\"ltr\" role=\"presentation\">Aceptar cookies. No se volver\u00e1 a visualizar este aviso al acceder a cualquier p\u00e1gina del portal durante la <\/span><br role=\"presentation\" \/><span dir=\"ltr\" role=\"presentation\">presente sesi\u00f3n. <\/span><br role=\"presentation\" \/><span dir=\"ltr\" role=\"presentation\">\u2022 <\/span> <span dir=\"ltr\" role=\"presentation\">Cerrar. Se oculta el aviso en la presente p\u00e1gina. <\/span><br role=\"presentation\" \/><span dir=\"ltr\" role=\"presentation\">\u2022 <\/span> <span dir=\"ltr\" role=\"presentation\">Modificar su configuraci\u00f3n. Podr\u00e1 obtener m\u00e1s informaci\u00f3n sobre qu\u00e9 son las cookies, conocer la Pol\u00edtica de <\/span><br role=\"presentation\" \/><span dir=\"ltr\" role=\"presentation\">cookies de <\/span><span dir=\"ltr\" role=\"presentation\">www.granjamariapitas.es <\/span><span dir=\"ltr\" role=\"presentation\">y modificar la configuraci\u00f3n de su navegador. <\/span><\/p>\n<div id=\"outerContainer\"><\/div>\n","protected":false},"excerpt":{"rendered":"<p>Pol\u00edtica de cookies GRANJA MARIA PITAS S.L. CON CIF B42831602 informa acerca del uso de las cookies en su p\u00e1gina web: www.GRANJAMARIAPITAS.es \u00bfQu\u00e9 son las cookies? Las cookies son archivos que se pueden descargar en su equipo a trav\u00e9s de las p\u00e1ginas web. Son herramientas que tienen un papel esencial para la prestaci\u00f3n de numerosos..<\/p>\n","protected":false},"author":1,"featured_media":0,"parent":0,"menu_order":0,"comment_status":"closed","ping_status":"closed","template":"","meta":[],"_links":{"self":[{"href":"https:\/\/granjamariapitas.es\/index.php\/wp-json\/wp\/v2\/pages\/1066"}],"collection":[{"href":"https:\/\/granjamariapitas.es\/index.php\/wp-json\/wp\/v2\/pages"}],"about":[{"href":"https:\/\/granjamariapitas.es\/index.php\/wp-json\/wp\/v2\/types\/page"}],"author":[{"embeddable":true,"href":"https:\/\/granjamariapitas.es\/index.php\/wp-json\/wp\/v2\/users\/1"}],"replies":[{"embeddable":true,"href":"https:\/\/granjamariapitas.es\/index.php\/wp-json\/wp\/v2\/comments?post=1066"}],"version-history":[{"count":3,"href":"https:\/\/granjamariapitas.es\/index.php\/wp-json\/wp\/v2\/pages\/1066\/revisions"}],"predecessor-version":[{"id":1092,"href":"https:\/\/granjamariapitas.es\/index.php\/wp-json\/wp\/v2\/pages\/1066\/revisions\/1092"}],"wp:attachment":[{"href":"https:\/\/granjamariapitas.es\/index.php\/wp-json\/wp\/v2\/media?parent=1066"}],"curies":[{"name":"wp","href":"https:\/\/api.w.org\/{rel}","templated":true}]}}