{"id":1068,"date":"2021-09-20T10:28:00","date_gmt":"2021-09-20T08:28:00","guid":{"rendered":"https:\/\/granjamariapitas.es\/?page_id=1068"},"modified":"2021-10-01T16:36:33","modified_gmt":"2021-10-01T14:36:33","slug":"aviso-legal-y-politica-de-cookies","status":"publish","type":"page","link":"https:\/\/granjamariapitas.es\/index.php\/aviso-legal-y-politica-de-cookies\/","title":{"rendered":"Aviso Legal y Pol\u00edtica de Privacidad"},"content":{"rendered":"<p><strong>Aviso legal: Identidad, finalidad y ejercicio de derechos.<\/strong><\/p>\n<p>En cumplimiento de lo establecido en el art\u00edculo 10 de la Ley 34\/2002, de 11 de julio, de Servicios de la<br \/>\nSociedad de la Informaci\u00f3n y de Comercio Electr\u00f3nico (LSSI-CE), se informa que este sitio web es<br \/>\npropiedad de GRANJA MARIA PITAS S.L. con CIFB42831602<\/p>\n<p>&nbsp;<\/p>\n<p><strong>Pol\u00edtica de Privacidad:\u00a0<\/strong><\/p>\n<p>El sitio web oficial de nuestra empresa tiene como finalidad gestionar la relaci\u00f3n con nuestros clientes y<br \/>\nproveedores, incluy\u00e9ndose tambi\u00e9n la gesti\u00f3n comercial de la empresa, es decir, la posibilidad de enviar<br \/>\ncomunicaciones comerciales o avisos para la realizaci\u00f3n de actividades promocionales.<br \/>\nEl uso y la utilizaci\u00f3n de este sitio web por parte de los usuarios que accedan al mismo, ya sean clientes,<br \/>\nproveedores o potenciales clientes implica que se aceptan totalmente y de forma expresa todas las<br \/>\ncondiciones que se exponen en este documento. En caso de existir alguna particularidad concreta se<br \/>\nexplicar\u00eda en su apartado correspondiente.<br \/>\nLa empresa GRANJA MARIA PITAS S.L. puede realizar las modificaciones o cambios oportunos en este<br \/>\nsitio sin necesidad de previo aviso. Ello ata\u00f1e a las posibles actualizaciones del sitio tanto en contenido<br \/>\ncomo en dise\u00f1o e implica que tambi\u00e9n se podr\u00e1n realizar actuaciones de mantenimiento de la<br \/>\ninformaci\u00f3n contenida con la finalidad de mantenerla debidamente actualizada.<br \/>\nGRANJA MARIA PITAS S.L. garantiza el cumplimiento de la normativa vigente en materia de protecci\u00f3n de<br \/>\ndatos personales, y por ello informa que nuestra actividad se rige por el Reglamento General de<br \/>\nProtecci\u00f3n de Datos (RGPD), Reglamento (UE) 2016\/679 del Parlamento y del Consejo, de 27 de abril de<br \/>\n2016, relativo a la protecci\u00f3n de las personas f\u00edsicas en lo que respecta al tratamiento de datos<br \/>\npersonales y a la libre circulaci\u00f3n de estos datos (publicado el 4 de mayo de 2016), y la normativa<br \/>\nnacional que sea de aplicaci\u00f3n, principalmente la Ley Org\u00e1nica 3\/2018, de 5 de diciembre, de Protecci\u00f3n<br \/>\nde Datos Personales y garant\u00eda de los derechos digitales (BOE de 6 de diciembre de 2018).<br \/>\nEl Reglamento General de Protecci\u00f3n de datos (RGPD) 2016\/679 de la UE, complementado por la Ley<br \/>\nOrg\u00e1nica 3\/2018, ofrece a los usuarios la posibilidad de ejercer una serie de derechos relacionados con<br \/>\nel tratamiento de sus datos personales.<br \/>\nEn relaci\u00f3n a los datos del usuario que son tratados por parte de GRANJA MARIA PITAS S.L., se podr\u00e1n<br \/>\nejercer de forma gratuita los derechos de acceso, rectificaci\u00f3n, limitaci\u00f3n del tratamiento, oposici\u00f3n,<br \/>\nportabilidad de los datos y derecho de supresi\u00f3n, siempre de acuerdo con lo previsto en la normativa<br \/>\nlegal vigente relacionada anteriormente en materia de protecci\u00f3n de datos personales.<br \/>\nPara hacer uso del ejercicio de estos derechos, el usuario deber\u00e1 dirigirse mediante escrito y aportando<br \/>\ndocumentaci\u00f3n para acreditar la identidad (DNI o pasaporte), a la siguiente direcci\u00f3n de correo<br \/>\nelectr\u00f3nico: granjamariapitas@gmail.com<br \/>\nEste escrito debe contener nombre y apellidos del interesado o usuario, la petici\u00f3n de solicitud, el<br \/>\ndomicilio y las acreditaciones de identidad correspondientes.<br \/>\nEl ejercicio de derechos deber\u00e1 ser realizado por el propio usuario aunque tambi\u00e9n podr\u00e1n ser ejercidos<br \/>\npor una persona autorizada como representante legal del autorizado. En tal caso, se deber\u00e1 aportar la<br \/>\ndocumentaci\u00f3n que acredite esta representaci\u00f3n del interesado.<br \/>\nAmpliaci\u00f3n de la pol\u00edtica de privacidad. (Opcional para segunda capa de la P\u00e1gina Web)<br \/>\nTratamiento de datos, conservaci\u00f3n y medidas de seguridad.<br \/>\nEl tratamiento de los datos se basa en la ejecuci\u00f3n de un contrato de prestaci\u00f3n de servicios o se<br \/>\nrealizar\u00e1 tras una solicitud de compra o solicitud de servicios iniciada desde el sitio web.<br \/>\nGRANJA MARIA PITAS S.L. recoger\u00e1 y tratar\u00e1 los datos de car\u00e1cter personal imprescindibles para la<br \/>\ngesti\u00f3n de la relaci\u00f3n con los clientes y proveedores as\u00ed como de potenciales clientes (entre ellos,<br \/>\nnombre, apellidos, DNI, domicilio etc.).<br \/>\nEl usuario del sitio conoce y acepta que si no se cumplimentan ciertos datos de car\u00e1cter personal no se<br \/>\npodr\u00e1n prestar de forma plena todos aquellos servicios vinculados a tales datos. En ning\u00fan caso GRANJA<br \/>\nMARIA PITAS S.L. ceder\u00e1, explotar\u00e1 estos datos o los destinar\u00e1 a un uso distinto del que se ha indicado<br \/>\nexpresamente.<br \/>\nLos datos se conservar\u00e1n mientras dure la relaci\u00f3n comercial o contractual y se guardar\u00e1n dos a\u00f1os con<br \/>\nposterioridad a la duraci\u00f3n de la relaci\u00f3n salvo que se revoque el consentimiento antes.<br \/>\nAdem\u00e1s de lo anterior, GRANJA MARIA PITAS S.L. podr\u00e1 realizar cesiones o comunicaciones de datos<br \/>\npersonales para atender sus obligaciones con las Administraciones P\u00fablicas en los casos que as\u00ed se<br \/>\nrequiera de acuerdo con la legislaci\u00f3n vigente en cada momento y en su caso, igualmente a otros<br \/>\n\u00f3rganos como Fuerzas y Cuerpos de Seguridad del Estado y a los \u00f3rganos Judiciales.<br \/>\nEl sitio va dirigido a personas mayores de edad y se entender\u00e1 que al aceptar la pol\u00edtica de privacidad el<br \/>\nusuario es mayor de 18 a\u00f1os.<br \/>\nGRANJA MARIA PITAS S.L. se compromete al cumplimiento de su obligaci\u00f3n de secreto de los datos de<br \/>\ncar\u00e1cter personal y de su deber de guardarlos, y adoptar\u00e1 las medidas necesarias para evitar su<br \/>\nalteraci\u00f3n, p\u00e9rdida, tratamiento o acceso no autorizado, de acuerdo con lo establecido por normativa<br \/>\naplicable.<br \/>\nGRANJA MARIA PITAS S.L. tiene implantadas las medidas de seguridad de \u00edndole t\u00e9cnica y organizativas<br \/>\nnecesarias para garantizar la seguridad de sus datos de car\u00e1cter personal y evitar su alteraci\u00f3n, p\u00e9rdida y<br \/>\ntratamiento y\/o acceso no autorizado, habida cuenta del estado de la tecnolog\u00eda, la naturaleza de los<br \/>\ndatos almacenados y los riesgos a que est\u00e1n expuestos, ya provengan de la acci\u00f3n humana o del medio<br \/>\nf\u00edsico o natural, de acuerdo a lo establecido por la normativa aplicable.<br \/>\nAspectos t\u00e9cnicos.<br \/>\nEn el caso de que el sitio web utilice cookies siempre ser\u00e1 con la finalidad de intentar mejorar la<br \/>\nexperiencia de usuario as\u00ed como la navegaci\u00f3n.<br \/>\nEn el caso de que se tenga que incluir o citar alg\u00fan hiperv\u00ednculo externo la empresa GRANJA MARIA<br \/>\nPITAS S.L. no se hace responsable de los contenidos de dichos sitios web ni de sus pol\u00edticas de seguridad<br \/>\nal ser sitios ajenos a nuestra empresa.<br \/>\nTodos los componentes y elementos que forman el sitio Web, ya sean im\u00e1genes, dise\u00f1o, logos, etc. son<br \/>\ntitularidad de GRANJA MARIA PITAS S.L..<br \/>\nSe proh\u00edbe expresamente la reproducci\u00f3n, copia o alteraci\u00f3n del dise\u00f1o, configuraci\u00f3n original o<br \/>\ncontenidos de este sitio web ya que est\u00e1 protegido por los correspondientes derechos de propiedad<br \/>\nintelectual e industrial.<\/p>\n","protected":false},"excerpt":{"rendered":"<p>Aviso legal: Identidad, finalidad y ejercicio de derechos. En cumplimiento de lo establecido en el art\u00edculo 10 de la Ley 34\/2002, de 11 de julio, de Servicios de la Sociedad de la Informaci\u00f3n y de Comercio Electr\u00f3nico (LSSI-CE), se informa que este sitio web es propiedad de GRANJA MARIA PITAS S.L. con CIFB42831602 &nbsp; Pol\u00edtica..<\/p>\n","protected":false},"author":1,"featured_media":0,"parent":0,"menu_order":0,"comment_status":"closed","ping_status":"closed","template":"","meta":[],"_links":{"self":[{"href":"https:\/\/granjamariapitas.es\/index.php\/wp-json\/wp\/v2\/pages\/1068"}],"collection":[{"href":"https:\/\/granjamariapitas.es\/index.php\/wp-json\/wp\/v2\/pages"}],"about":[{"href":"https:\/\/granjamariapitas.es\/index.php\/wp-json\/wp\/v2\/types\/page"}],"author":[{"embeddable":true,"href":"https:\/\/granjamariapitas.es\/index.php\/wp-json\/wp\/v2\/users\/1"}],"replies":[{"embeddable":true,"href":"https:\/\/granjamariapitas.es\/index.php\/wp-json\/wp\/v2\/comments?post=1068"}],"version-history":[{"count":3,"href":"https:\/\/granjamariapitas.es\/index.php\/wp-json\/wp\/v2\/pages\/1068\/revisions"}],"predecessor-version":[{"id":1082,"href":"https:\/\/granjamariapitas.es\/index.php\/wp-json\/wp\/v2\/pages\/1068\/revisions\/1082"}],"wp:attachment":[{"href":"https:\/\/granjamariapitas.es\/index.php\/wp-json\/wp\/v2\/media?parent=1068"}],"curies":[{"name":"wp","href":"https:\/\/api.w.org\/{rel}","templated":true}]}}