{"id":352,"date":"2014-06-27T09:11:17","date_gmt":"2014-06-27T09:11:17","guid":{"rendered":""},"modified":"2021-09-14T13:39:27","modified_gmt":"2021-09-14T11:39:27","slug":"nosotras","status":"publish","type":"page","link":"https:\/\/granjamariapitas.es\/index.php\/nosotras\/","title":{"rendered":"Nosotras"},"content":{"rendered":"<p style=\"text-align: center;\">Nos levantamos cada ma\u00f1ana con el objetivo de hacer un trabajo que marque la diferencia.<\/p>\n<p style=\"text-align: center;\">Sabemos que los huevos camperos de nuestras gallinas representan nuestra voluntad de hacer<br \/>\nlas cosas de forma diferente, sostenible y recuperando el concepto de granja tradicional.<br \/>\nBuscan ser sin\u00f3nimo de calidad, cuidado y atenci\u00f3n al detalle.<\/p>\n<p style=\"text-align: center;\">Por eso, en Granja Mar\u00eda Pitas respetamos los tiempos, alimentaci\u00f3n y espacios de las gallinas.<br \/>\nNos aseguramos de ir much\u00edsimo m\u00e1s all\u00e1 del concepto de bienestar animal: aqu\u00ed las gallinas<br \/>\nse amadrinan con cari\u00f1o, y el huevo campero resultante es algo \u00fanico. \u00a1Prometido!<br \/>\nEstamos tan seguras de qu\u00e9 y c\u00f3mo lo hacemos, que te invitamos a comprobarlo cuando quieras.<\/p>\n<p style=\"text-align: center;\">Quienes <a href=\"https:\/\/granjamariapitas.es\/index.php\/contacto\/\">nos visitan<\/a> descubren el significado de \u00abgallinas felices\u00bb.<\/p>\n<p style=\"text-align: center;\"><div class=\"pixcode  pixcode--separator  separator separator--flower\">&#10043;<\/div>\n\n","protected":false},"excerpt":{"rendered":"<p>Nos levantamos cada ma\u00f1ana con el objetivo de hacer un trabajo que marque la diferencia. Sabemos que los huevos camperos de nuestras gallinas representan nuestra voluntad de hacer las cosas de forma diferente, sostenible y recuperando el concepto de granja tradicional. Buscan ser sin\u00f3nimo de calidad, cuidado y atenci\u00f3n al detalle. Por eso, en Granja..<\/p>\n","protected":false},"author":1,"featured_media":832,"parent":0,"menu_order":0,"comment_status":"closed","ping_status":"closed","template":"","meta":[],"_links":{"self":[{"href":"https:\/\/granjamariapitas.es\/index.php\/wp-json\/wp\/v2\/pages\/352"}],"collection":[{"href":"https:\/\/granjamariapitas.es\/index.php\/wp-json\/wp\/v2\/pages"}],"about":[{"href":"https:\/\/granjamariapitas.es\/index.php\/wp-json\/wp\/v2\/types\/page"}],"author":[{"embeddable":true,"href":"https:\/\/granjamariapitas.es\/index.php\/wp-json\/wp\/v2\/users\/1"}],"replies":[{"embeddable":true,"href":"https:\/\/granjamariapitas.es\/index.php\/wp-json\/wp\/v2\/comments?post=352"}],"version-history":[{"count":9,"href":"https:\/\/granjamariapitas.es\/index.php\/wp-json\/wp\/v2\/pages\/352\/revisions"}],"predecessor-version":[{"id":1057,"href":"https:\/\/granjamariapitas.es\/index.php\/wp-json\/wp\/v2\/pages\/352\/revisions\/1057"}],"wp:featuredmedia":[{"embeddable":true,"href":"https:\/\/granjamariapitas.es\/index.php\/wp-json\/wp\/v2\/media\/832"}],"wp:attachment":[{"href":"https:\/\/granjamariapitas.es\/index.php\/wp-json\/wp\/v2\/media?parent=352"}],"curies":[{"name":"wp","href":"https:\/\/api.w.org\/{rel}","templated":true}]}}